{"id":186,"date":"2019-09-26T19:58:27","date_gmt":"2019-09-26T19:58:27","guid":{"rendered":"http:\/\/xn--cabaasvillaadelina-q0b.com.ar\/?page_id=186"},"modified":"2022-02-07T13:39:45","modified_gmt":"2022-02-07T13:39:45","slug":"186-2","status":"publish","type":"page","link":"https:\/\/caba\u00f1asvillaadelina.com.ar\/?page_id=186","title":{"rendered":"Servicios"},"content":{"rendered":"\n<table style=\"width: 100%; border-collapse: collapse;\">\n<tbody>\n<tr>\n<td style=\"width: 50%; text-align: center; vertical-align: middle;\">\n<p style=\"text-align: center;\">Las instalaciones tienen piscina con sol\u00e1rium h\u00famedo, jacuzzi con 8 hidrojet, chorros fuente, iluminaci\u00f3n rotativa color, fibra \u00f3ptica, espacio verde con sol y con sombra.<\/p>\n<p style=\"text-align: center;\">Est\u00e1 compuesto por 6 caba\u00f1as totalmente equipadas con capacidad para hasta 8 personas las m\u00e1s grandes y para 5 personas las medianas; con cocheras, parrilla, quincho, lavadero, patio, cocina-comedor, SmartTV con Direct TV; WI-FI; heladera con freezer, microondas, tostadora, vajilla completa. Los dormitorios cuentan con placard, aire acondicionado (Split), somier, ropa de cama y calefactores.<\/p>\n<\/td>\n<td style=\"width: 50%; text-align: center; vertical-align: middle;\"><img loading=\"lazy\" decoding=\"async\" class=\"aligncenter wp-image-61 size-full\" src=\"http:\/\/xn--cabaasvillaadelina-q0b.com.ar\/wp-content\/uploads\/2019\/09\/servicios.png\" alt=\"\" width=\"380\" height=\"500\" srcset=\"https:\/\/caba\u00f1asvillaadelina.com.ar\/wp-content\/uploads\/2019\/09\/servicios.png 380w, https:\/\/caba\u00f1asvillaadelina.com.ar\/wp-content\/uploads\/2019\/09\/servicios-228x300.png 228w\" sizes=\"auto, (max-width: 380px) 100vw, 380px\" \/><\/td>\n<\/tr>\n<\/tbody>\n<\/table>\n","protected":false},"excerpt":{"rendered":"<p>Las instalaciones tienen piscina con sol\u00e1rium h\u00famedo, jacuzzi con 8 hidrojet, chorros fuente, iluminaci\u00f3n rotativa color, fibra \u00f3ptica, espacio verde con sol y con sombra. Est\u00e1 compuesto por 6 caba\u00f1as totalmente equipadas con capacidad para hasta 8 personas las m\u00e1s grandes y para 5 personas las medianas; con cocheras, parrilla, quincho, lavadero, patio, cocina-comedor, SmartTV&hellip; <br \/> <a class=\"read-more\" href=\"https:\/\/caba\u00f1asvillaadelina.com.ar\/?page_id=186\">Leer m\u00e1s<\/a><\/p>\n","protected":false},"author":1,"featured_media":0,"parent":0,"menu_order":0,"comment_status":"closed","ping_status":"closed","template":"","meta":{"ngg_post_thumbnail":0,"footnotes":""},"class_list":["post-186","page","type-page","status-publish","hentry"],"_links":{"self":[{"href":"https:\/\/caba\u00f1asvillaadelina.com.ar\/index.php?rest_route=\/wp\/v2\/pages\/186","targetHints":{"allow":["GET"]}}],"collection":[{"href":"https:\/\/caba\u00f1asvillaadelina.com.ar\/index.php?rest_route=\/wp\/v2\/pages"}],"about":[{"href":"https:\/\/caba\u00f1asvillaadelina.com.ar\/index.php?rest_route=\/wp\/v2\/types\/page"}],"author":[{"embeddable":true,"href":"https:\/\/caba\u00f1asvillaadelina.com.ar\/index.php?rest_route=\/wp\/v2\/users\/1"}],"replies":[{"embeddable":true,"href":"https:\/\/caba\u00f1asvillaadelina.com.ar\/index.php?rest_route=%2Fwp%2Fv2%2Fcomments&post=186"}],"version-history":[{"count":5,"href":"https:\/\/caba\u00f1asvillaadelina.com.ar\/index.php?rest_route=\/wp\/v2\/pages\/186\/revisions"}],"predecessor-version":[{"id":334,"href":"https:\/\/caba\u00f1asvillaadelina.com.ar\/index.php?rest_route=\/wp\/v2\/pages\/186\/revisions\/334"}],"wp:attachment":[{"href":"https:\/\/caba\u00f1asvillaadelina.com.ar\/index.php?rest_route=%2Fwp%2Fv2%2Fmedia&parent=186"}],"curies":[{"name":"wp","href":"https:\/\/api.w.org\/{rel}","templated":true}]}}